{"id":7525,"date":"2022-12-13T14:05:36","date_gmt":"2022-12-13T12:05:36","guid":{"rendered":"https:\/\/kuvittajat.fi\/apurahat\/"},"modified":"2023-04-18T11:25:49","modified_gmt":"2023-04-18T08:25:49","slug":"apurahat","status":"publish","type":"page","link":"https:\/\/kuvittajat.fi\/en\/apurahat\/","title":{"rendered":"Apurahat"},"content":{"rendered":"\n<section id=\"acf-block-69d9bf59935ef\" class=\"block block-content-wrapper container-fluid \">\n    <div class=\"container\">\n        <div class=\"row\">\n            <div class=\"col-12 col-lg-6 offset-lg-3\">\n                <div class=\"entry-content\">\n                    <div class=\"acf-innerblocks-container\">\n\n<h1 class=\"wp-block-heading has-text-align-center\">Grants<\/h1>\n\n\n\n<p class=\"has-text-align-center\">Kuvittajat ry:n&nbsp;projektiapurahat ovat haussa kev\u00e4isin ja kuluapurahat syksyisin. Apurahoja jaetaan tekij\u00e4noikeusj\u00e4rjest\u00f6 Kopioston kuvitusten k\u00e4yt\u00f6st\u00e4 ker\u00e4\u00e4mist\u00e4 korvauksista, jotka jyvitet\u00e4\u00e4n kopioinnin lajin mukaan eri j\u00e4rjest\u00f6ille.<\/p>\n\n<\/div>\n                <\/div>\n            <\/div>\n        <\/div>\n    <\/div>\n<\/section>\n\n\n<section id=\"acf-block-69d9bf5993a76\" class=\"block block-content-50-50 container-fluid \" style=\"\">\n    <div class=\"container\">\n        <div class=\"row \">\n            <div class=\"col-12 col-lg-6 col-xl-5 offset-xl-1 image-wrapper\">\n                                <img decoding=\"async\" src=\"https:\/\/kuvittajat.fi\/wp-content\/uploads\/2023\/01\/Reponen_anja_kuvittajat2023_juhlapoyta_nelio-1024x1024.png\" width=\"880\" height=\"880\" class=\"image\" alt=\"\" loading=\"lazy\">                \n                                <img decoding=\"async\" src=\"https:\/\/kuvittajat.fi\/wp-content\/uploads\/2023\/01\/Reponen_anja_kuvittajat2023_juhlapoyta_nelio-1024x1024.png\" width=\"880\" height=\"880\" class=\"image-mobile\" alt=\"\" loading=\"lazy\">                \n                            <\/div>\n            <div class=\"col-12 col-lg-5 offset-lg-1 col-xl-4 offset-xl-1 d-flex flex-column justify-content-center\">\n                <main class=\"entry-content title-border-on\">\n                    <div class=\"acf-innerblocks-container\">\n\n<h4 class=\"wp-block-heading\">Kuvittajat ry:n apurahat<\/h4>\n\n\n\n<p>Kuvittajat ry:n&nbsp;projektiapurahat ovat aina haussa huhtikuun ajan ja kuluapurahat syyskuun ajan. Tutustu apurahoihin ja hae!<\/p>\n\n\n\n<div class=\"wp-block-button\"><a class=\"wp-block-button__link has-lightgray-color has-black-background-color has-text-color has-background wp-element-button\" href=\"https:\/\/kuvittajat.fi\/kuvittajat-ryn-apurahat\/\">Lue lis\u00e4\u00e4 apurahoista<\/a><\/div>\n\n<\/div>\n                <\/main>\n            <\/div>\n        <\/div>\n    <\/div>\n<\/section>\n\n\n<section id=\"acf-block-69d9bf5995c9e\" class=\"block block-content-50-50 has-background has-lightgray-background-color bg-lightgray container-fluid \" style=\"\">\n    <div class=\"container\">\n        <div class=\"row flex-row-reverse justify-content-end\">\n            <div class=\"col-12 col-lg-6 col-xl-5 offset-xl-1 image-wrapper\">\n                                <img decoding=\"async\" src=\"https:\/\/kuvittajat.fi\/wp-content\/uploads\/2023\/01\/Reponen_anja_kuvittajat2023_teekuppi-1024x1024.png\" width=\"880\" height=\"880\" class=\"image\" alt=\"\" loading=\"lazy\">                \n                                <img decoding=\"async\" src=\"https:\/\/kuvittajat.fi\/wp-content\/uploads\/2023\/01\/Reponen_anja_kuvittajat2023_teekuppi-1024x1024.png\" width=\"880\" height=\"880\" class=\"image-mobile\" alt=\"\" loading=\"lazy\">                \n                            <\/div>\n            <div class=\"col-12 col-lg-5 offset-lg-1 col-xl-4 offset-xl-1 d-flex flex-column justify-content-center\">\n                <main class=\"entry-content title-border-on\">\n                    <div class=\"acf-innerblocks-container\">\n\n<h4 class=\"wp-block-heading\">Apurahakalenteri<\/h4>\n\n\n\n<p>T\u00e4lt\u00e4 sivulta l\u00f6yd\u00e4t r\u00e4\u00e4t\u00e4l\u00f6idyn paketin kuvittajille hy\u00f6dyllisi\u00e4 apurahavinkkej\u00e4.<\/p>\n\n\n\n<div class=\"wp-block-button\"><a class=\"wp-block-button__link has-black-color has-lightgray-background-color has-text-color has-background wp-element-button\" href=\"https:\/\/kuvittajat.fi\/apurahakalenteri\/\">Tutustu kalenteriin<\/a><\/div>\n\n<\/div>\n                <\/main>\n            <\/div>\n        <\/div>\n    <\/div>\n<\/section>\n\n\n<section id=\"acf-block-69d9bf5996e62\" class=\"block block-content-50-50 container-fluid \" style=\"\">\n    <div class=\"container\">\n        <div class=\"row \">\n            <div class=\"col-12 col-lg-6 col-xl-5 offset-xl-1 image-wrapper\">\n                                <img decoding=\"async\" src=\"https:\/\/kuvittajat.fi\/wp-content\/uploads\/2023\/03\/220616-Kuvittajat-vihko_1024x965-e1681205460629.png\" width=\"880\" height=\"829\" class=\"image\" alt=\"\" loading=\"lazy\">                \n                                <img decoding=\"async\" src=\"https:\/\/kuvittajat.fi\/wp-content\/uploads\/2023\/03\/220616-Kuvittajat-vihko_1024x965-e1681205460629.png\" width=\"880\" height=\"829\" class=\"image-mobile\" alt=\"\" loading=\"lazy\">                \n                            <\/div>\n            <div class=\"col-12 col-lg-5 offset-lg-1 col-xl-4 offset-xl-1 d-flex flex-column justify-content-center\">\n                <main class=\"entry-content title-border-on\">\n                    <div class=\"acf-innerblocks-container\">\n\n<h4 class=\"wp-block-heading\">Kopiosto-valtakirjat<\/h4>\n\n\n\n<p>Kuvittajien yhdistykselle antamat Kopiosto-valtakirjat mahdollistavat, ett\u00e4 Kopioston ker\u00e4\u00e4m\u00e4t kopiointikorvaukset kanavoituvat alan tekij\u00f6iden hy\u00f6dyksi.<\/p>\n\n\n\n<div class=\"wp-block-button\"><a class=\"wp-block-button__link has-lightgray-color has-black-background-color has-text-color has-background wp-element-button\" href=\"https:\/\/kuvittajat.fi\/kopiosto-valtakirja\/\">Lue lis\u00e4\u00e4 vALTAKIRJOISTA<\/a><\/div>\n\n<\/div>\n                <\/main>\n            <\/div>\n        <\/div>\n    <\/div>\n<\/section>\n\n\n<section id=\"acf-block-69d9bf599813d\" class=\"block block-page-highlights container-fluid \">\n    <div class=\"container\">\n        <div class=\"row\">\n                        <div class=\"col-12 col-lg-9 offset-lg-3\">\n                <div class=\"wrapper\">\n                    <h3 class=\"h4 content-title\">Hy\u00f6dyllist\u00e4 kuvittajalle<\/h3>\n                    <div class=\"content-title-border full-width\"><\/div>\n                <\/div>\n            <\/div>\n            \n            <div class=\"col-12 offset-lg-2\">\n                <div class=\"row content-row\">\n                                        <div class=\"col-12 col-md-6 col-lg-4 offset-lg-1\">\n                        <div class=\"text-wrapper\">\n                                                        <h4 class=\"title\">Kuvitus ammattina<\/h4>\n                            <div class=\"wp-block-button is-style-arrow-cta\">\n                                <a href=\"https:\/\/kuvittajat.fi\/kuvitusammattina\/\" class=\"wp-block-button__link wp-element-button\">Read more<\/a>\n                            <\/div>\n                            <p>Kuvitusty\u00f6 on monelle intohimo ja unelma-ammatti. Kuvitusammattilainen ty\u00f6llist\u00e4\u00e4 kuitenkin usein itsens\u00e4 jolloin ty\u00f6h\u00f6n liittyy monia asioita itse luovan ty\u00f6n ulkopuolelta.<\/p>\n                                                    <\/div>\n                    <\/div>\n                                        <div class=\"col-12 col-md-6 col-lg-4 offset-lg-1\">\n                        <div class=\"text-wrapper\">\n                                                        <h4 class=\"title\">Liiketoimintaneuvonta<\/h4>\n                            <div class=\"wp-block-button is-style-arrow-cta\">\n                                <a href=\"https:\/\/kuvittajat.fi\/en\/businesscounselling\/\" class=\"wp-block-button__link wp-element-button\">Read more<\/a>\n                            <\/div>\n                            <p>Apua ja tukea hinnoitteluun, sopimuksiin ja oman liiketoiminnan kehitt\u00e4miseen.<\/p>\n                                                    <\/div>\n                    <\/div>\n                                        <div class=\"col-12 col-md-6 col-lg-4 offset-lg-1\">\n                        <div class=\"text-wrapper\">\n                                                        <h4 class=\"title\">Lakineuvonta<\/h4>\n                            <div class=\"wp-block-button is-style-arrow-cta\">\n                                <a href=\"https:\/\/kuvittajat.fi\/lakineuvonta\/\" class=\"wp-block-button__link wp-element-button\">Read more<\/a>\n                            <\/div>\n                            <p>Lakipulmia, juridiikkapohdintoja tai sopimus l\u00e4pikatsottavaksi? Kuvittajat ry:n lakineuvonta auttaa!<\/p>\n                                                    <\/div>\n                    <\/div>\n                                        <div class=\"col-12 col-md-6 col-lg-4 offset-lg-1\">\n                        <div class=\"text-wrapper\">\n                                                        <h4 class=\"title\">Koulutus<\/h4>\n                            <div class=\"wp-block-button is-style-arrow-cta\">\n                                <a href=\"https:\/\/kuvittajat.fi\/koulutukset\/\" class=\"wp-block-button__link wp-element-button\">Read more<\/a>\n                            <\/div>\n                            <p>Julkistamme kev\u00e4\u00e4n koulutuskalenterin tammikuussa ja syyskauden kalenterin elo-syyskuussa. Tervetuloa oppimaan, inspiroitumaan ja viihtym\u00e4\u00e4n kollegojen seurassa!<\/p>\n                                                    <\/div>\n                    <\/div>\n                                    <\/div>\n            <\/div>\n        <\/div>\n    <\/div>\n<\/section>\n\n\n<section id=\"acf-block-69d9bf599cfa1\" class=\"block block-article-highlights container-fluid \">\n    <div class=\"container\">\n        <div class=\"row\">\n            <div class=\"col-12\">\n                <div class=\"article-header\">\n                                        <div class=\"link-wrapper\">\n                        <a href=\"https:\/\/kuvittajat.fi\/ajankohtaista\/\">\n                            <h4>Ajankohtaista<\/h4>\n                            <i class=\"fa-regular fa-arrow-right\"><\/i>\n                        <\/a>\n                    <\/div>\n                                    <\/div>\n            <\/div>\n\n                        <div class=\"col-12\">\n                <div class=\"row articles-row\">\n                                                            <div class=\"col-12 col-md-6 col-lg-3 article\">\n                                                \n<div class=\"card card-article\" onclick=\"document.getElementById('card-link-69d9bf59a0530').click();\">\n    <a href=\"https:\/\/kuvittajat.fi\/en\/news\/kuvittajat-ry-project-grants-3\/\" class=\"post-thumbnail-link\"><img decoding=\"async\" width=\"778\" height=\"765\" src=\"https:\/\/kuvittajat.fi\/wp-content\/uploads\/2026\/03\/apuraha_joymuki.png\" class=\"attachment-large size-large wp-post-image\" alt=\"\" srcset=\"https:\/\/kuvittajat.fi\/wp-content\/uploads\/2026\/03\/apuraha_joymuki.png 778w, https:\/\/kuvittajat.fi\/wp-content\/uploads\/2026\/03\/apuraha_joymuki-300x295.png 300w, https:\/\/kuvittajat.fi\/wp-content\/uploads\/2026\/03\/apuraha_joymuki-768x755.png 768w\" sizes=\"(max-width: 575px) 100vw, (max-width: 767px) 510px, (max-width: 991px) 290px, (max-width: 1199px) 530px, 778px\" \/><\/a>\n    <div class=\"card-content\">\n        <div class=\"content-header\">\n            <div class=\"card-meta\">\n                <div class=\"date\">1.4.2026<\/div>\n\n                                <div class=\"slash\">\/<\/div>\n                <p class=\"cat\">Grants<\/p>\n                \n                            <\/div>\n        <\/div>\n        <h3 class=\"h3 card-title\"><a id=\"card-link-69d9bf59a0530\" href=\"https:\/\/kuvittajat.fi\/en\/news\/kuvittajat-ry-project-grants-3\/\" rel=\"bookmark\">Kuvittajat ry Project Grants<\/a><\/h3>    <\/div>\n<\/div>                        \n                        \n                                            <\/div>\n                                                            <div class=\"col-12 col-md-6 col-lg-3 article\">\n                                                \n<div class=\"card card-article\" onclick=\"document.getElementById('card-link-69d9bf59a15f5').click();\">\n    <a href=\"https:\/\/kuvittajat.fi\/en\/news\/call-for-competition-mikkelis-14th-illustration-triennial\/\" class=\"post-thumbnail-link\"><img decoding=\"async\" width=\"1\" height=\"1\" src=\"https:\/\/kuvittajat.fi\/wp-content\/uploads\/2025\/11\/Mikkelin-Kuvitustriennale-IG-post-01-scaled.png\" class=\"attachment-large size-large wp-post-image\" alt=\"\" \/><\/a>\n    <div class=\"card-content\">\n        <div class=\"content-header\">\n            <div class=\"card-meta\">\n                <div class=\"date\">3.12.2025<\/div>\n\n                                <div class=\"slash\">\/<\/div>\n                <p class=\"cat\">Illustration exhibitions<\/p>\n                \n                            <\/div>\n        <\/div>\n        <h3 class=\"h3 card-title\"><a id=\"card-link-69d9bf59a15f5\" href=\"https:\/\/kuvittajat.fi\/en\/news\/call-for-competition-mikkelis-14th-illustration-triennial\/\" rel=\"bookmark\">Call for Competition: Mikkeli&#8217;s 14th Illustration Triennial<\/a><\/h3>    <\/div>\n<\/div>                        \n                        \n                                            <\/div>\n                                                            <div class=\"col-12 col-md-6 col-lg-3 article\">\n                                                \n<div class=\"card card-article\" onclick=\"document.getElementById('card-link-69d9bf59a252b').click();\">\n    <a href=\"https:\/\/kuvittajat.fi\/en\/news\/open-call-residences-in-rome-oder-and-ruovesi\/\" class=\"post-thumbnail-link\"><img decoding=\"async\" width=\"880\" height=\"880\" src=\"https:\/\/kuvittajat.fi\/wp-content\/uploads\/2025\/11\/rooma_terassi_square-1024x1024.jpg\" class=\"attachment-large size-large wp-post-image\" alt=\"\" srcset=\"https:\/\/kuvittajat.fi\/wp-content\/uploads\/2025\/11\/rooma_terassi_square-1024x1024.jpg 1024w, https:\/\/kuvittajat.fi\/wp-content\/uploads\/2025\/11\/rooma_terassi_square-300x300.jpg 300w, https:\/\/kuvittajat.fi\/wp-content\/uploads\/2025\/11\/rooma_terassi_square-150x150.jpg 150w, https:\/\/kuvittajat.fi\/wp-content\/uploads\/2025\/11\/rooma_terassi_square-768x768.jpg 768w, https:\/\/kuvittajat.fi\/wp-content\/uploads\/2025\/11\/rooma_terassi_square-1536x1536.jpg 1536w, https:\/\/kuvittajat.fi\/wp-content\/uploads\/2025\/11\/rooma_terassi_square.jpg 1559w\" sizes=\"(max-width: 575px) 100vw, (max-width: 767px) 510px, (max-width: 991px) 290px, (max-width: 1199px) 530px, 840px\" \/><\/a>\n    <div class=\"card-content\">\n        <div class=\"content-header\">\n            <div class=\"card-meta\">\n                <div class=\"date\">19.11.2025<\/div>\n\n                                <div class=\"slash\">\/<\/div>\n                <p class=\"cat\">Residencies<\/p>\n                \n                            <\/div>\n        <\/div>\n        <h3 class=\"h3 card-title\"><a id=\"card-link-69d9bf59a252b\" href=\"https:\/\/kuvittajat.fi\/en\/news\/open-call-residences-in-rome-oder-and-ruovesi\/\" rel=\"bookmark\">Open Call: Residences in Rome, Oder, and Ruovesi<\/a><\/h3>    <\/div>\n<\/div>                        \n                        \n                                            <\/div>\n                                                            <div class=\"col-12 col-md-6 col-lg-3 article\">\n                                                \n<div class=\"card card-article\" onclick=\"document.getElementById('card-link-69d9bf59a33c9').click();\">\n    <a href=\"https:\/\/kuvittajat.fi\/en\/news\/galleria-kuvituksen-nayttelyohjelmisto-2026\/\" class=\"post-thumbnail-link\"><img decoding=\"async\" width=\"880\" height=\"880\" src=\"https:\/\/kuvittajat.fi\/wp-content\/uploads\/2025\/11\/Fukuda-kuva-2-1024x1024.jpg\" class=\"attachment-large size-large wp-post-image\" alt=\"\" srcset=\"https:\/\/kuvittajat.fi\/wp-content\/uploads\/2025\/11\/Fukuda-kuva-2-1024x1024.jpg 1024w, https:\/\/kuvittajat.fi\/wp-content\/uploads\/2025\/11\/Fukuda-kuva-2-300x300.jpg 300w, https:\/\/kuvittajat.fi\/wp-content\/uploads\/2025\/11\/Fukuda-kuva-2-150x150.jpg 150w, https:\/\/kuvittajat.fi\/wp-content\/uploads\/2025\/11\/Fukuda-kuva-2-768x768.jpg 768w, https:\/\/kuvittajat.fi\/wp-content\/uploads\/2025\/11\/Fukuda-kuva-2-1536x1536.jpg 1536w, https:\/\/kuvittajat.fi\/wp-content\/uploads\/2025\/11\/Fukuda-kuva-2.jpg 1772w\" sizes=\"(max-width: 575px) 100vw, (max-width: 767px) 510px, (max-width: 991px) 290px, (max-width: 1199px) 530px, 840px\" \/><\/a>\n    <div class=\"card-content\">\n        <div class=\"content-header\">\n            <div class=\"card-meta\">\n                <div class=\"date\">5.11.2025<\/div>\n\n                                <div class=\"slash\">\/<\/div>\n                <p class=\"cat\">Galleria Kuvitus<\/p>\n                \n                            <\/div>\n        <\/div>\n        <h3 class=\"h3 card-title\"><a id=\"card-link-69d9bf59a33c9\" href=\"https:\/\/kuvittajat.fi\/en\/news\/galleria-kuvituksen-nayttelyohjelmisto-2026\/\" rel=\"bookmark\">Galleria Kuvitus&#8217; Exhibition Programme 2026<\/a><\/h3>    <\/div>\n<\/div>                        \n                        \n                                            <\/div>\n                                                        <\/div>\n            <\/div>\n                    <\/div>\n    <\/div>\n<\/section>","protected":false},"excerpt":{"rendered":"","protected":false},"author":1,"featured_media":0,"parent":0,"menu_order":0,"comment_status":"closed","ping_status":"closed","template":"","meta":{"_acf_changed":false,"_relevanssi_hide_post":"","_relevanssi_hide_content":"","_relevanssi_pin_for_all":"","_relevanssi_pin_keywords":"","_relevanssi_unpin_keywords":"","_relevanssi_related_keywords":"","_relevanssi_related_include_ids":"","_relevanssi_related_exclude_ids":"","_relevanssi_related_no_append":"","_relevanssi_related_not_related":"","_relevanssi_related_posts":"436,434,340,430,432","_relevanssi_noindex_reason":"","footnotes":""},"class_list":["post-7525","page","type-page","status-publish","hentry"],"acf":[],"yoast_head":"<!-- This site is optimized with the Yoast SEO plugin v27.1.1 - https:\/\/yoast.com\/product\/yoast-seo-wordpress\/ -->\n<title>Apurahat | Kuvittajat ry<\/title>\n<meta name=\"robots\" content=\"index, follow, max-snippet:-1, max-image-preview:large, max-video-preview:-1\" \/>\n<link rel=\"canonical\" href=\"https:\/\/kuvittajat.fi\/en\/apurahat\/\" \/>\n<meta property=\"og:locale\" content=\"en_US\" \/>\n<meta property=\"og:type\" content=\"article\" \/>\n<meta property=\"og:title\" content=\"Apurahat | Kuvittajat ry\" \/>\n<meta property=\"og:url\" content=\"https:\/\/kuvittajat.fi\/en\/apurahat\/\" \/>\n<meta property=\"og:site_name\" content=\"Kuvittajat ry\" \/>\n<meta property=\"article:publisher\" content=\"https:\/\/fi-fi.facebook.com\/KuvittajatRy\/\" \/>\n<meta property=\"article:modified_time\" content=\"2023-04-18T08:25:49+00:00\" \/>\n<meta property=\"og:image\" content=\"https:\/\/kuvittajat.fi\/wp-content\/uploads\/2023\/09\/kuvittajat_preview.jpg\" \/>\n\t<meta property=\"og:image:width\" content=\"1200\" \/>\n\t<meta property=\"og:image:height\" content=\"675\" \/>\n\t<meta property=\"og:image:type\" content=\"image\/jpeg\" \/>\n<meta name=\"twitter:card\" content=\"summary_large_image\" \/>\n<meta name=\"twitter:site\" content=\"@KuvittajatRy\" \/>\n<meta name=\"twitter:label1\" content=\"Est. reading time\" \/>\n\t<meta name=\"twitter:data1\" content=\"1 minute\" \/>\n<script type=\"application\/ld+json\" class=\"yoast-schema-graph\">{\"@context\":\"https:\/\/schema.org\",\"@graph\":[{\"@type\":\"WebPage\",\"@id\":\"https:\/\/kuvittajat.fi\/en\/apurahat\/\",\"url\":\"https:\/\/kuvittajat.fi\/en\/apurahat\/\",\"name\":\"Apurahat | Kuvittajat ry\",\"isPartOf\":{\"@id\":\"https:\/\/kuvittajat.fi\/en\/#website\"},\"datePublished\":\"2022-12-13T12:05:36+00:00\",\"dateModified\":\"2023-04-18T08:25:49+00:00\",\"breadcrumb\":{\"@id\":\"https:\/\/kuvittajat.fi\/en\/apurahat\/#breadcrumb\"},\"inLanguage\":\"en-US\",\"potentialAction\":[{\"@type\":\"ReadAction\",\"target\":[\"https:\/\/kuvittajat.fi\/en\/apurahat\/\"]}]},{\"@type\":\"BreadcrumbList\",\"@id\":\"https:\/\/kuvittajat.fi\/en\/apurahat\/#breadcrumb\",\"itemListElement\":[{\"@type\":\"ListItem\",\"position\":1,\"name\":\"Home\",\"item\":\"https:\/\/kuvittajat.fi\/en\/\"},{\"@type\":\"ListItem\",\"position\":2,\"name\":\"Apurahat\"}]},{\"@type\":\"WebSite\",\"@id\":\"https:\/\/kuvittajat.fi\/en\/#website\",\"url\":\"https:\/\/kuvittajat.fi\/en\/\",\"name\":\"Kuvittajat ry\",\"description\":\"\",\"publisher\":{\"@id\":\"https:\/\/kuvittajat.fi\/en\/#organization\"},\"potentialAction\":[{\"@type\":\"SearchAction\",\"target\":{\"@type\":\"EntryPoint\",\"urlTemplate\":\"https:\/\/kuvittajat.fi\/en\/?s={search_term_string}\"},\"query-input\":{\"@type\":\"PropertyValueSpecification\",\"valueRequired\":true,\"valueName\":\"search_term_string\"}}],\"inLanguage\":\"en-US\"},{\"@type\":\"Organization\",\"@id\":\"https:\/\/kuvittajat.fi\/en\/#organization\",\"name\":\"Kuvittajat ry\",\"url\":\"https:\/\/kuvittajat.fi\/en\/\",\"logo\":{\"@type\":\"ImageObject\",\"inLanguage\":\"en-US\",\"@id\":\"https:\/\/kuvittajat.fi\/en\/#\/schema\/logo\/image\/\",\"url\":\"https:\/\/kuvittajat.fi\/wp-content\/uploads\/2023\/01\/Kuvittajat_Logoanimaatio_Musta_1080_500.gif\",\"contentUrl\":\"https:\/\/kuvittajat.fi\/wp-content\/uploads\/2023\/01\/Kuvittajat_Logoanimaatio_Musta_1080_500.gif\",\"width\":1080,\"height\":500,\"caption\":\"Kuvittajat ry\"},\"image\":{\"@id\":\"https:\/\/kuvittajat.fi\/en\/#\/schema\/logo\/image\/\"},\"sameAs\":[\"https:\/\/fi-fi.facebook.com\/KuvittajatRy\/\",\"https:\/\/x.com\/KuvittajatRy\",\"https:\/\/www.instagram.com\/kuvittajat_ry\/\"]}]}<\/script>\n<!-- \/ Yoast SEO plugin. -->","yoast_head_json":{"title":"Apurahat | Kuvittajat ry","robots":{"index":"index","follow":"follow","max-snippet":"max-snippet:-1","max-image-preview":"max-image-preview:large","max-video-preview":"max-video-preview:-1"},"canonical":"https:\/\/kuvittajat.fi\/en\/apurahat\/","og_locale":"en_US","og_type":"article","og_title":"Apurahat | Kuvittajat ry","og_url":"https:\/\/kuvittajat.fi\/en\/apurahat\/","og_site_name":"Kuvittajat ry","article_publisher":"https:\/\/fi-fi.facebook.com\/KuvittajatRy\/","article_modified_time":"2023-04-18T08:25:49+00:00","og_image":[{"width":1200,"height":675,"url":"https:\/\/kuvittajat.fi\/wp-content\/uploads\/2023\/09\/kuvittajat_preview.jpg","type":"image\/jpeg"}],"twitter_card":"summary_large_image","twitter_site":"@KuvittajatRy","twitter_misc":{"Est. reading time":"1 minute"},"schema":{"@context":"https:\/\/schema.org","@graph":[{"@type":"WebPage","@id":"https:\/\/kuvittajat.fi\/en\/apurahat\/","url":"https:\/\/kuvittajat.fi\/en\/apurahat\/","name":"Apurahat | Kuvittajat ry","isPartOf":{"@id":"https:\/\/kuvittajat.fi\/en\/#website"},"datePublished":"2022-12-13T12:05:36+00:00","dateModified":"2023-04-18T08:25:49+00:00","breadcrumb":{"@id":"https:\/\/kuvittajat.fi\/en\/apurahat\/#breadcrumb"},"inLanguage":"en-US","potentialAction":[{"@type":"ReadAction","target":["https:\/\/kuvittajat.fi\/en\/apurahat\/"]}]},{"@type":"BreadcrumbList","@id":"https:\/\/kuvittajat.fi\/en\/apurahat\/#breadcrumb","itemListElement":[{"@type":"ListItem","position":1,"name":"Home","item":"https:\/\/kuvittajat.fi\/en\/"},{"@type":"ListItem","position":2,"name":"Apurahat"}]},{"@type":"WebSite","@id":"https:\/\/kuvittajat.fi\/en\/#website","url":"https:\/\/kuvittajat.fi\/en\/","name":"Kuvittajat ry","description":"","publisher":{"@id":"https:\/\/kuvittajat.fi\/en\/#organization"},"potentialAction":[{"@type":"SearchAction","target":{"@type":"EntryPoint","urlTemplate":"https:\/\/kuvittajat.fi\/en\/?s={search_term_string}"},"query-input":{"@type":"PropertyValueSpecification","valueRequired":true,"valueName":"search_term_string"}}],"inLanguage":"en-US"},{"@type":"Organization","@id":"https:\/\/kuvittajat.fi\/en\/#organization","name":"Kuvittajat ry","url":"https:\/\/kuvittajat.fi\/en\/","logo":{"@type":"ImageObject","inLanguage":"en-US","@id":"https:\/\/kuvittajat.fi\/en\/#\/schema\/logo\/image\/","url":"https:\/\/kuvittajat.fi\/wp-content\/uploads\/2023\/01\/Kuvittajat_Logoanimaatio_Musta_1080_500.gif","contentUrl":"https:\/\/kuvittajat.fi\/wp-content\/uploads\/2023\/01\/Kuvittajat_Logoanimaatio_Musta_1080_500.gif","width":1080,"height":500,"caption":"Kuvittajat ry"},"image":{"@id":"https:\/\/kuvittajat.fi\/en\/#\/schema\/logo\/image\/"},"sameAs":["https:\/\/fi-fi.facebook.com\/KuvittajatRy\/","https:\/\/x.com\/KuvittajatRy","https:\/\/www.instagram.com\/kuvittajat_ry\/"]}]}},"_links":{"self":[{"href":"https:\/\/kuvittajat.fi\/en\/wp-json\/wp\/v2\/pages\/7525","targetHints":{"allow":["GET"]}}],"collection":[{"href":"https:\/\/kuvittajat.fi\/en\/wp-json\/wp\/v2\/pages"}],"about":[{"href":"https:\/\/kuvittajat.fi\/en\/wp-json\/wp\/v2\/types\/page"}],"author":[{"embeddable":true,"href":"https:\/\/kuvittajat.fi\/en\/wp-json\/wp\/v2\/users\/1"}],"replies":[{"embeddable":true,"href":"https:\/\/kuvittajat.fi\/en\/wp-json\/wp\/v2\/comments?post=7525"}],"version-history":[{"count":1,"href":"https:\/\/kuvittajat.fi\/en\/wp-json\/wp\/v2\/pages\/7525\/revisions"}],"predecessor-version":[{"id":7526,"href":"https:\/\/kuvittajat.fi\/en\/wp-json\/wp\/v2\/pages\/7525\/revisions\/7526"}],"wp:attachment":[{"href":"https:\/\/kuvittajat.fi\/en\/wp-json\/wp\/v2\/media?parent=7525"}],"curies":[{"name":"wp","href":"https:\/\/api.w.org\/{rel}","templated":true}]}}